{"id":5964,"date":"2025-08-03T10:51:44","date_gmt":"2025-08-03T10:51:44","guid":{"rendered":"https:\/\/opdrozlemoymak.com\/?page_id=5964"},"modified":"2025-11-18T14:44:42","modified_gmt":"2025-11-18T14:44:42","slug":"gizlilik-politikasi","status":"publish","type":"page","link":"https:\/\/opdrozlemoymak.com\/en\/gizlilik-politikasi\/","title":{"rendered":"Privacy Policy"},"content":{"rendered":"<div data-elementor-type=\"wp-page\" data-elementor-id=\"5964\" class=\"elementor elementor-5964\" data-elementor-post-type=\"page\">\n\t\t\t\t<div class=\"elementor-element elementor-element-5c7a4c7 e-flex e-con-boxed e-con e-parent\" data-id=\"5c7a4c7\" data-element_type=\"container\">\n\t\t\t\t\t<div class=\"e-con-inner\">\n\t\t\t\t\t<\/div>\n\t\t\t\t<\/div>\n\t\t<div class=\"elementor-element elementor-element-c9ed626 e-flex e-con-boxed e-con e-parent\" data-id=\"c9ed626\" data-element_type=\"container\">\n\t\t\t\t\t<div class=\"e-con-inner\">\n\t\t\t\t<div class=\"elementor-element elementor-element-16c305e elementor-widget elementor-widget-text-editor\" data-id=\"16c305e\" data-element_type=\"widget\" data-settings=\"{&quot;aos_animation_name&quot;:&quot;none&quot;}\" data-widget_type=\"text-editor.default\">\n\t\t\t\t\t\t\t\t\t<p>This website uses cookies to improve user experience, perform analysis and provide advertising services.<br \/>User information is collected solely to improve service quality without being shared with third parties.<br \/>By using our website you accept this policy.<br \/>You can contact us for more information.<\/p>\t\t\t\t\t\t\t\t<\/div>\n\t\t\t\t\t<\/div>\n\t\t\t\t<\/div>\n\t\t<div class=\"elementor-element elementor-element-97d8769 e-flex e-con-boxed e-con e-parent\" data-id=\"97d8769\" data-element_type=\"container\" data-settings=\"{&quot;background_background&quot;:&quot;classic&quot;}\">\n\t\t\t\t\t<div class=\"e-con-inner\">\n\t\t<div class=\"elementor-element elementor-element-b577be0 e-con-full e-flex e-con e-child\" data-id=\"b577be0\" data-element_type=\"container\">\n\t\t\t\t<div class=\"elementor-element elementor-element-d69e8fe elementor-view-default elementor-position-top elementor-mobile-position-top elementor-widget elementor-widget-icon-box\" data-id=\"d69e8fe\" data-element_type=\"widget\" data-settings=\"{&quot;aos_animation_name&quot;:&quot;none&quot;}\" data-widget_type=\"icon-box.default\">\n\t\t\t\t\t\t\t<div class=\"elementor-icon-box-wrapper\">\n\n\t\t\t\t\t\t<div class=\"elementor-icon-box-icon\">\n\t\t\t\t<span  class=\"elementor-icon\">\n\t\t\t\t<i aria-hidden=\"true\" class=\"fas fa-map-marker-alt\"><\/i>\t\t\t\t<\/span>\n\t\t\t<\/div>\n\t\t\t\n\t\t\t\t\t\t<div class=\"elementor-icon-box-content\">\n\n\t\t\t\t\t\t\t\t\t<h3 class=\"elementor-icon-box-title\">\n\t\t\t\t\t\t<span  >\n\t\t\t\t\t\t\tAddress\t\t\t\t\t\t<\/span>\n\t\t\t\t\t<\/h3>\n\t\t\t\t\n\t\t\t\t\t\t\t\t\t<p class=\"elementor-icon-box-description\">\n\t\t\t\t\t\tSumer Street, No: 2, next to Acibadem Hospital, Floor: 7, No: 21, 16110 Ni\u0307l\u00fcfer\/Bursa\/Turkey\t\t\t\t\t<\/p>\n\t\t\t\t\n\t\t\t<\/div>\n\t\t\t\n\t\t<\/div>\n\t\t\t\t\t\t<\/div>\n\t\t\t\t<\/div>\n\t\t<div class=\"elementor-element elementor-element-e6619d0 e-con-full e-flex e-con e-child\" data-id=\"e6619d0\" data-element_type=\"container\">\n\t\t\t\t<div class=\"elementor-element elementor-element-8d68db7 elementor-view-default elementor-position-top elementor-mobile-position-top elementor-widget elementor-widget-icon-box\" data-id=\"8d68db7\" data-element_type=\"widget\" data-settings=\"{&quot;aos_animation_name&quot;:&quot;none&quot;}\" data-widget_type=\"icon-box.default\">\n\t\t\t\t\t\t\t<div class=\"elementor-icon-box-wrapper\">\n\n\t\t\t\t\t\t<div class=\"elementor-icon-box-icon\">\n\t\t\t\t<span  class=\"elementor-icon\">\n\t\t\t\t<i aria-hidden=\"true\" class=\"fas fa-phone\"><\/i>\t\t\t\t<\/span>\n\t\t\t<\/div>\n\t\t\t\n\t\t\t\t\t\t<div class=\"elementor-icon-box-content\">\n\n\t\t\t\t\t\t\t\t\t<h3 class=\"elementor-icon-box-title\">\n\t\t\t\t\t\t<span  >\n\t\t\t\t\t\t\tContact Number\t\t\t\t\t\t<\/span>\n\t\t\t\t\t<\/h3>\n\t\t\t\t\n\t\t\t\t\t\t\t\t\t<p class=\"elementor-icon-box-description\">\n\t\t\t\t\t\t+90 532 363 3092\t\t\t\t\t<\/p>\n\t\t\t\t\n\t\t\t<\/div>\n\t\t\t\n\t\t<\/div>\n\t\t\t\t\t\t<\/div>\n\t\t\t\t<\/div>\n\t\t<div class=\"elementor-element elementor-element-b09f11b e-con-full e-flex e-con e-child\" data-id=\"b09f11b\" data-element_type=\"container\">\n\t\t\t\t<div class=\"elementor-element elementor-element-8defc36 elementor-view-default elementor-position-top elementor-mobile-position-top elementor-widget elementor-widget-icon-box\" data-id=\"8defc36\" data-element_type=\"widget\" data-settings=\"{&quot;aos_animation_name&quot;:&quot;none&quot;}\" data-widget_type=\"icon-box.default\">\n\t\t\t\t\t\t\t<div class=\"elementor-icon-box-wrapper\">\n\n\t\t\t\t\t\t<div class=\"elementor-icon-box-icon\">\n\t\t\t\t<span  class=\"elementor-icon\">\n\t\t\t\t<i aria-hidden=\"true\" class=\"socicon socicon-mail\"><\/i>\t\t\t\t<\/span>\n\t\t\t<\/div>\n\t\t\t\n\t\t\t\t\t\t<div class=\"elementor-icon-box-content\">\n\n\t\t\t\t\t\t\t\t\t<h3 class=\"elementor-icon-box-title\">\n\t\t\t\t\t\t<span  >\n\t\t\t\t\t\t\te-Mail\t\t\t\t\t\t<\/span>\n\t\t\t\t\t<\/h3>\n\t\t\t\t\n\t\t\t\t\t\t\t\t\t<p class=\"elementor-icon-box-description\">\n\t\t\t\t\t\tinfo@drozlemoymak.com\t\t\t\t\t<\/p>\n\t\t\t\t\n\t\t\t<\/div>\n\t\t\t\n\t\t<\/div>\n\t\t\t\t\t\t<\/div>\n\t\t\t\t<\/div>\n\t\t\t\t\t<\/div>\n\t\t\t\t<\/div>\n\t\t\t\t<section data-img-position=\"\" class=\"elementor-section elementor-top-section elementor-element elementor-element-d3c5f7b elementor-section-content-middle elementor-section-boxed elementor-section-height-default elementor-section-height-default\" data-id=\"d3c5f7b\" data-element_type=\"section\" data-settings=\"{&quot;background_background&quot;:&quot;classic&quot;,&quot;aos_animation_name&quot;:&quot;none&quot;}\">\n\t\t\t\t\t\t<div class=\"elementor-container elementor-column-gap-extended\">\n\t\t\t\t\t<div data-img-position=\"\" class=\"elementor-column elementor-col-25 elementor-top-column elementor-element elementor-element-6567887\" data-id=\"6567887\" data-element_type=\"column\" data-settings=\"{&quot;aos_animation_name&quot;:&quot;none&quot;}\">\n\t\t\t<div class=\"elementor-widget-wrap elementor-element-populated\">\n\t\t\t\t\t\t<div class=\"elementor-element elementor-element-4330a7e elementor-widget elementor-widget-spacer\" data-id=\"4330a7e\" data-element_type=\"widget\" data-settings=\"{&quot;aos_animation_name&quot;:&quot;none&quot;}\" data-widget_type=\"spacer.default\">\n\t\t\t\t\t\t\t<div class=\"elementor-spacer\">\n\t\t\t<div class=\"elementor-spacer-inner\"><\/div>\n\t\t<\/div>\n\t\t\t\t\t\t<\/div>\n\t\t\t\t<div class=\"elementor-element elementor-element-ecd8079 elementor-widget elementor-widget-spacer\" data-id=\"ecd8079\" data-element_type=\"widget\" data-settings=\"{&quot;aos_animation_name&quot;:&quot;none&quot;}\" data-widget_type=\"spacer.default\">\n\t\t\t\t\t\t\t<div class=\"elementor-spacer\">\n\t\t\t<div class=\"elementor-spacer-inner\"><\/div>\n\t\t<\/div>\n\t\t\t\t\t\t<\/div>\n\t\t\t\t<div data-aos=\"custom\" data-aos-once=\"true\" class=\"elementor-element elementor-element-0d80e34 elementor-widget__width-initial elementor-widget elementor-widget-vlt-section-title\" data-id=\"0d80e34\" data-element_type=\"widget\" data-settings=\"{&quot;aos_animation_name&quot;:&quot;custom&quot;}\" data-widget_type=\"vlt-section-title.default\">\n\t\t\t\t<div class=\"elementor-widget-container\">\n\t\t\t\t\t\n\t\t<div class=\"vlt-section-title\">\n\n\t\t\t\n\t\t\t\n\t\t\t\t<h2 class=\"vlt-section-title__heading\">\n\n\t\t\t\t\t\n\t\t\t\t\tWRITE TO US\n\t\t\t\t\t\n\t\t\t\t<\/h2>\n\n\t\t\t\n\t\t\t\t\t\t\t<p class=\"vlt-section-title__description\">Contact Us for an Expert Opinion. Fill Out the Form and Op. Dr. \u00d6ZLEM OYMAK Team Will Contact You.<\/p>\n\t\t\t\n\t\t<\/div>\n\n\t\t\t\t\t<\/div>\n\t\t\t\t<\/div>\n\t\t\t\t<div data-aos=\"custom\" data-aos-delay=\"100\" data-aos-once=\"true\" class=\"elementor-element elementor-element-d658b86 elementor-widget elementor-widget-vlt-contact-form-7\" data-id=\"d658b86\" data-element_type=\"widget\" data-settings=\"{&quot;aos_animation_name&quot;:&quot;custom&quot;}\" data-widget_type=\"vlt-contact-form-7.default\">\n\t\t\t\t<div class=\"elementor-widget-container\">\n\t\t\t\t\t\n\t\t<div class=\"vlt-contact-form-7\">\n\n\t\t\t\n<div class=\"wpcf7 no-js\" id=\"wpcf7-f986-o1\" lang=\"en-US\" dir=\"ltr\" data-wpcf7-id=\"986\">\n<div class=\"screen-reader-response\"><p role=\"status\" aria-live=\"polite\" aria-atomic=\"true\"><\/p> <ul><\/ul><\/div>\n<form action=\"\/en\/wp-json\/wp\/v2\/pages\/5964#wpcf7-f986-o1\" method=\"post\" class=\"wpcf7-form init demo\" aria-label=\"Contact form\" novalidate=\"novalidate\" data-status=\"init\" data-trp-original-action=\"\/en\/wp-json\/wp\/v2\/pages\/5964#wpcf7-f986-o1\">\n<fieldset class=\"hidden-fields-container\"><input type=\"hidden\" name=\"_wpcf7\" value=\"986\" \/><input type=\"hidden\" name=\"_wpcf7_version\" value=\"6.1\" \/><input type=\"hidden\" name=\"_wpcf7_locale\" value=\"en_US\" \/><input type=\"hidden\" name=\"_wpcf7_unit_tag\" value=\"wpcf7-f986-o1\" \/><input type=\"hidden\" name=\"_wpcf7_container_post\" value=\"0\" \/><input type=\"hidden\" name=\"_wpcf7_posted_data_hash\" value=\"\" \/>\n<\/fieldset>\n<div class=\"vlt-form-group\">\n  <span class=\"wpcf7-form-control-wrap\" data-name=\"your-name\"><input size=\"40\" maxlength=\"400\" class=\"wpcf7-form-control wpcf7-text wpcf7-validates-as-required vlt-form-control\" aria-required=\"true\" aria-invalid=\"false\" value=\"\" type=\"text\" name=\"your-name\" \/><\/span>\n  <label class=\"vlt-form-label\">Your Name*<\/label>\n<\/div>\n<div class=\"vlt-form-group\">\n  <span class=\"wpcf7-form-control-wrap\" data-name=\"your-email\"><input size=\"40\" maxlength=\"400\" class=\"wpcf7-form-control wpcf7-email wpcf7-validates-as-required wpcf7-text wpcf7-validates-as-email vlt-form-control\" aria-required=\"true\" aria-invalid=\"false\" value=\"\" type=\"email\" name=\"your-email\" \/><\/span>\n  <label class=\"vlt-form-label\">Your e-Mail*<\/label>\n<\/div>\n<div class=\"vlt-form-group\">\n  <span class=\"wpcf7-form-control-wrap\" data-name=\"your-message\"><textarea cols=\"40\" rows=\"5\" maxlength=\"2000\" class=\"wpcf7-form-control wpcf7-textarea vlt-form-control\" aria-invalid=\"false\" name=\"your-message\"><\/textarea><\/span>\n  <label class=\"vlt-form-label\">Your Message<\/label>\n<\/div>\n<div class=\"text-left\">\n  <div class=\"vlt-gap-40\"><\/div>\n  <button class=\"vlt-btn vlt-btn--primary vlt-btn--effect vlt-btn--lg\">Send<\/button>\n<\/div><p style=\"display: none !important;\" class=\"akismet-fields-container\" data-prefix=\"_wpcf7_ak_\"><label>&#916;<textarea name=\"_wpcf7_ak_hp_textarea\" cols=\"45\" rows=\"8\" maxlength=\"100\"><\/textarea><\/label><input type=\"hidden\" id=\"ak_js_1\" name=\"_wpcf7_ak_js\" value=\"202\"\/><script>document.getElementById( \"ak_js_1\" ).setAttribute( \"value\", ( new Date() ).getTime() );<\/script><\/p><div class=\"wpcf7-response-output\" aria-hidden=\"true\"><\/div>\n<input type=\"hidden\" name=\"trp-form-language\" value=\"en\"\/><\/form>\n<\/div>\n\n\t\t<\/div>\n\n\t\t\t\t\t\t<\/div>\n\t\t\t\t<\/div>\n\t\t\t\t<div class=\"elementor-element elementor-element-3d9325c elementor-widget elementor-widget-spacer\" data-id=\"3d9325c\" data-element_type=\"widget\" data-settings=\"{&quot;aos_animation_name&quot;:&quot;none&quot;}\" data-widget_type=\"spacer.default\">\n\t\t\t\t\t\t\t<div class=\"elementor-spacer\">\n\t\t\t<div class=\"elementor-spacer-inner\"><\/div>\n\t\t<\/div>\n\t\t\t\t\t\t<\/div>\n\t\t\t\t\t<\/div>\n\t\t<\/div>\n\t\t\t\t<div data-img-position=\"\" class=\"elementor-column elementor-col-50 elementor-top-column elementor-element elementor-element-044421d\" data-id=\"044421d\" data-element_type=\"column\" data-settings=\"{&quot;aos_animation_name&quot;:&quot;none&quot;}\">\n\t\t\t<div class=\"elementor-widget-wrap\">\n\t\t\t\t\t\t\t<\/div>\n\t\t<\/div>\n\t\t\t\t<div data-img-position=\"\" class=\"elementor-column elementor-col-25 elementor-top-column elementor-element elementor-element-2e5db82 has-stretch-column to-right has-reset-mobile\" data-id=\"2e5db82\" data-element_type=\"column\" data-settings=\"{&quot;aos_animation_name&quot;:&quot;none&quot;}\">\n\t\t\t<div class=\"elementor-widget-wrap elementor-element-populated\">\n\t\t\t\t\t\t<div class=\"elementor-element elementor-element-98b1af6 elementor-widget__width-initial elementor-widget elementor-widget-google_maps\" data-id=\"98b1af6\" data-element_type=\"widget\" data-settings=\"{&quot;aos_animation_name&quot;:&quot;none&quot;}\" data-widget_type=\"google_maps.default\">\n\t\t\t\t\t\t\t<div class=\"elementor-custom-embed\">\n\t\t\t<iframe loading=\"lazy\"\n\t\t\t\t\tsrc=\"https:\/\/maps.google.com\/maps?q=S%C3%BCmer%20Sokak%2C%20No%3A2%20%2C%20Ac%C4%B1badem%20Hastanesi%20yan%C4%B1%20Kat%3A7%2C%20no%3A21%2016110%20Ni%CC%87l%C3%BCfer%2FBursa%2FTurkey&#038;t=m&#038;z=13&#038;output=embed&#038;iwloc=near\"\n\t\t\t\t\ttitle=\"Sumer Street, No: 2, next to Acibadem Hospital, Floor: 7, No: 21, 16110 Ni\u0307l\u00fcfer\/Bursa\/Turkey\"\n\t\t\t\t\taria-label=\"Sumer Street, No: 2, next to Acibadem Hospital, Floor: 7, No: 21, 16110 Ni\u0307l\u00fcfer\/Bursa\/Turkey\"\n\t\t\t><\/iframe>\n\t\t<\/div>\n\t\t\t\t\t\t<\/div>\n\t\t\t\t\t<\/div>\n\t\t<\/div>\n\t\t\t\t\t<\/div>\n\t\t<\/section>\n\t\t\t\t<\/div>","protected":false},"excerpt":{"rendered":"<p>Bu web sitesi, kullan\u0131c\u0131 deneyimini geli\u015ftirmek, analiz yapmak ve reklam hizmetleri sunmak amac\u0131yla \u00e7erezler kullanmaktad\u0131r.Kullan\u0131c\u0131 bilgileri, \u00fc\u00e7\u00fcnc\u00fc taraflarla payla\u015f\u0131lmadan yaln\u0131zca hizmet kalitesini art\u0131rmak i\u00e7in toplan\u0131r.Web sitemizi kullanarak bu politikay\u0131 kabul etmi\u015f olursunuz.Daha fazla bilgi i\u00e7in bizimle ileti\u015fime ge\u00e7ebilirsiniz. Adres S\u00fcmer Sokak, No:2 , Ac\u0131badem Hastanesi yan\u0131 Kat:7, no:21 16110 Ni\u0307l\u00fcfer\/Bursa\/Turkey \u0130leti\u015fim Numaras\u0131 +90 532 363 [&hellip;]<\/p>","protected":false},"author":1,"featured_media":0,"parent":0,"menu_order":0,"comment_status":"closed","ping_status":"closed","template":"","meta":{"_acf_changed":false,"_vp_format_video_url":"","_vp_image_focal_point":[],"footnotes":""},"class_list":["post-5964","page","type-page","status-publish","hentry"],"acf":[],"yoast_head":"<!-- This site is optimized with the Yoast SEO plugin v26.4 - https:\/\/yoast.com\/wordpress\/plugins\/seo\/ -->\n<title>Gizlilik Politikas\u0131 - Op. Dr. \u00d6zlem Oymak<\/title>\n<meta name=\"description\" content=\"Op. Dr. \u00d6zlem Oymak web sitesi gizlilik politikas\u0131 ve kullan\u0131c\u0131 verilerinin korunmas\u0131 hakk\u0131ndaki yasal metne ve ayd\u0131nlatma metnine buradan ula\u015fabilirsiniz.\" \/>\n<meta name=\"robots\" content=\"index, follow, max-snippet:-1, max-image-preview:large, max-video-preview:-1\" \/>\n<link rel=\"canonical\" href=\"https:\/\/opdrozlemoymak.com\/en\/gizlilik-politikasi\/\" \/>\n<meta property=\"og:locale\" content=\"en_US\" \/>\n<meta property=\"og:type\" content=\"article\" \/>\n<meta property=\"og:title\" content=\"Gizlilik Politikas\u0131 - Op. Dr. \u00d6zlem Oymak\" \/>\n<meta property=\"og:description\" content=\"Op. Dr. \u00d6zlem Oymak web sitesi gizlilik politikas\u0131 ve kullan\u0131c\u0131 verilerinin korunmas\u0131 hakk\u0131ndaki yasal metne ve ayd\u0131nlatma metnine buradan ula\u015fabilirsiniz.\" \/>\n<meta property=\"og:url\" content=\"https:\/\/opdrozlemoymak.com\/en\/gizlilik-politikasi\/\" \/>\n<meta property=\"og:site_name\" content=\"Op. Dr. \u00d6zlem Oymak\" \/>\n<meta property=\"article:modified_time\" content=\"2025-11-18T14:44:42+00:00\" \/>\n<meta name=\"twitter:card\" content=\"summary_large_image\" \/>\n<meta name=\"twitter:label1\" content=\"Est. reading time\" \/>\n\t<meta name=\"twitter:data1\" content=\"1 minute\" \/>\n<script type=\"application\/ld+json\" class=\"yoast-schema-graph\">{\"@context\":\"https:\/\/schema.org\",\"@graph\":[{\"@type\":\"WebPage\",\"@id\":\"https:\/\/opdrozlemoymak.com\/gizlilik-politikasi\/\",\"url\":\"https:\/\/opdrozlemoymak.com\/gizlilik-politikasi\/\",\"name\":\"Gizlilik Politikas\u0131 - Op. Dr. \u00d6zlem Oymak\",\"isPartOf\":{\"@id\":\"https:\/\/opdrozlemoymak.com\/#website\"},\"datePublished\":\"2025-08-03T10:51:44+00:00\",\"dateModified\":\"2025-11-18T14:44:42+00:00\",\"description\":\"Op. Dr. \u00d6zlem Oymak web sitesi gizlilik politikas\u0131 ve kullan\u0131c\u0131 verilerinin korunmas\u0131 hakk\u0131ndaki yasal metne ve ayd\u0131nlatma metnine buradan ula\u015fabilirsiniz.\",\"breadcrumb\":{\"@id\":\"https:\/\/opdrozlemoymak.com\/gizlilik-politikasi\/#breadcrumb\"},\"inLanguage\":\"en-US\",\"potentialAction\":[{\"@type\":\"ReadAction\",\"target\":[\"https:\/\/opdrozlemoymak.com\/gizlilik-politikasi\/\"]}]},{\"@type\":\"BreadcrumbList\",\"@id\":\"https:\/\/opdrozlemoymak.com\/gizlilik-politikasi\/#breadcrumb\",\"itemListElement\":[{\"@type\":\"ListItem\",\"position\":1,\"name\":\"Anasayfa\",\"item\":\"https:\/\/opdrozlemoymak.com\/\"},{\"@type\":\"ListItem\",\"position\":2,\"name\":\"Gizlilik Politikas\u0131\"}]},{\"@type\":\"WebSite\",\"@id\":\"https:\/\/opdrozlemoymak.com\/#website\",\"url\":\"https:\/\/opdrozlemoymak.com\/\",\"name\":\"Op. Dr. \u00d6zlem Oymak\",\"description\":\"\",\"potentialAction\":[{\"@type\":\"SearchAction\",\"target\":{\"@type\":\"EntryPoint\",\"urlTemplate\":\"https:\/\/opdrozlemoymak.com\/?s={search_term_string}\"},\"query-input\":{\"@type\":\"PropertyValueSpecification\",\"valueRequired\":true,\"valueName\":\"search_term_string\"}}],\"inLanguage\":\"en-US\"}]}<\/script>\n<!-- \/ Yoast SEO plugin. -->","yoast_head_json":{"title":"Gizlilik Politikas\u0131 - Op. Dr. \u00d6zlem Oymak","description":"Op. Dr. \u00d6zlem Oymak web sitesi gizlilik politikas\u0131 ve kullan\u0131c\u0131 verilerinin korunmas\u0131 hakk\u0131ndaki yasal metne ve ayd\u0131nlatma metnine buradan ula\u015fabilirsiniz.","robots":{"index":"index","follow":"follow","max-snippet":"max-snippet:-1","max-image-preview":"max-image-preview:large","max-video-preview":"max-video-preview:-1"},"canonical":"https:\/\/opdrozlemoymak.com\/en\/gizlilik-politikasi\/","og_locale":"en_US","og_type":"article","og_title":"Gizlilik Politikas\u0131 - Op. Dr. \u00d6zlem Oymak","og_description":"Op. Dr. \u00d6zlem Oymak web sitesi gizlilik politikas\u0131 ve kullan\u0131c\u0131 verilerinin korunmas\u0131 hakk\u0131ndaki yasal metne ve ayd\u0131nlatma metnine buradan ula\u015fabilirsiniz.","og_url":"https:\/\/opdrozlemoymak.com\/en\/gizlilik-politikasi\/","og_site_name":"Op. Dr. \u00d6zlem Oymak","article_modified_time":"2025-11-18T14:44:42+00:00","twitter_card":"summary_large_image","twitter_misc":{"Est. reading time":"1 minute"},"schema":{"@context":"https:\/\/schema.org","@graph":[{"@type":"WebPage","@id":"https:\/\/opdrozlemoymak.com\/gizlilik-politikasi\/","url":"https:\/\/opdrozlemoymak.com\/gizlilik-politikasi\/","name":"Gizlilik Politikas\u0131 - Op. Dr. \u00d6zlem Oymak","isPartOf":{"@id":"https:\/\/opdrozlemoymak.com\/#website"},"datePublished":"2025-08-03T10:51:44+00:00","dateModified":"2025-11-18T14:44:42+00:00","description":"Op. Dr. \u00d6zlem Oymak web sitesi gizlilik politikas\u0131 ve kullan\u0131c\u0131 verilerinin korunmas\u0131 hakk\u0131ndaki yasal metne ve ayd\u0131nlatma metnine buradan ula\u015fabilirsiniz.","breadcrumb":{"@id":"https:\/\/opdrozlemoymak.com\/gizlilik-politikasi\/#breadcrumb"},"inLanguage":"en-US","potentialAction":[{"@type":"ReadAction","target":["https:\/\/opdrozlemoymak.com\/gizlilik-politikasi\/"]}]},{"@type":"BreadcrumbList","@id":"https:\/\/opdrozlemoymak.com\/gizlilik-politikasi\/#breadcrumb","itemListElement":[{"@type":"ListItem","position":1,"name":"Anasayfa","item":"https:\/\/opdrozlemoymak.com\/"},{"@type":"ListItem","position":2,"name":"Gizlilik Politikas\u0131"}]},{"@type":"WebSite","@id":"https:\/\/opdrozlemoymak.com\/#website","url":"https:\/\/opdrozlemoymak.com\/","name":"Op. Dr. \u00d6zlem Oymak","description":"","potentialAction":[{"@type":"SearchAction","target":{"@type":"EntryPoint","urlTemplate":"https:\/\/opdrozlemoymak.com\/?s={search_term_string}"},"query-input":{"@type":"PropertyValueSpecification","valueRequired":true,"valueName":"search_term_string"}}],"inLanguage":"en-US"}]}},"_links":{"self":[{"href":"https:\/\/opdrozlemoymak.com\/en\/wp-json\/wp\/v2\/pages\/5964","targetHints":{"allow":["GET"]}}],"collection":[{"href":"https:\/\/opdrozlemoymak.com\/en\/wp-json\/wp\/v2\/pages"}],"about":[{"href":"https:\/\/opdrozlemoymak.com\/en\/wp-json\/wp\/v2\/types\/page"}],"author":[{"embeddable":true,"href":"https:\/\/opdrozlemoymak.com\/en\/wp-json\/wp\/v2\/users\/1"}],"replies":[{"embeddable":true,"href":"https:\/\/opdrozlemoymak.com\/en\/wp-json\/wp\/v2\/comments?post=5964"}],"version-history":[{"count":10,"href":"https:\/\/opdrozlemoymak.com\/en\/wp-json\/wp\/v2\/pages\/5964\/revisions"}],"predecessor-version":[{"id":6150,"href":"https:\/\/opdrozlemoymak.com\/en\/wp-json\/wp\/v2\/pages\/5964\/revisions\/6150"}],"wp:attachment":[{"href":"https:\/\/opdrozlemoymak.com\/en\/wp-json\/wp\/v2\/media?parent=5964"}],"curies":[{"name":"wp","href":"https:\/\/api.w.org\/{rel}","templated":true}]}}